{"id":131,"date":"2008-10-17T20:58:43","date_gmt":"2008-10-17T18:58:43","guid":{"rendered":"http:\/\/www.quisquilia.net\/nova_blog\/wordpress\/?page_id=131"},"modified":"2022-02-09T02:45:15","modified_gmt":"2022-02-09T00:45:15","slug":"concerti-divertimenti","status":"publish","type":"page","link":"https:\/\/www.quisquilia.net\/nova_blog\/wordpress\/concerti-divertimenti","title":{"rendered":"Concerti divertimenti"},"content":{"rendered":"\n<div class=\"wp-block-group\"><div class=\"wp-block-group__inner-container\">\n<p><em>Konzerte<\/em><\/p>\n<blockquote>\n<p>&gt;&gt;&gt; <a href=\"http:\/\/www.quisquilia.net\/nova_blog\/wordpress\/cd2007\">2007<\/a><br \/>&gt;&gt;&gt; <a href=\"http:\/\/www.quisquilia.net\/nova_blog\/wordpress\/cd2008\">2008<\/a><br \/>&gt;&gt;&gt; <a href=\"http:\/\/www.quisquilia.net\/nova_blog\/wordpress\/cd2009\">2009<\/a><br \/>&gt;&gt;&gt; <a href=\"http:\/\/www.quisquilia.net\/nova_blog\/wordpress\/cd2010\">2010<\/a><br \/>&gt;&gt;&gt; <a href=\"http:\/\/www.quisquilia.net\/nova_blog\/wordpress\/cd2011\">2011<\/a><br \/>&gt;&gt;&gt; <a href=\"http:\/\/www.quisquilia.net\/nova_blog\/wordpress\/cd2012\">2012<\/a><br \/>&gt;&gt;&gt; <a href=\"http:\/\/www.quisquilia.net\/nova_blog\/wordpress\/cd2013\">2013<\/a><br \/>&gt;&gt;&gt; <a href=\"http:\/\/www.quisquilia.net\/nova_blog\/wordpress\/cd2014\">2014<\/a><br \/>&gt;&gt;&gt; <a href=\"http:\/\/www.quisquilia.net\/nova_blog\/wordpress\/cd2015\">2015<\/a><br \/>&gt;&gt;&gt; <a href=\"http:\/\/www.quisquilia.net\/nova_blog\/wordpress\/cd2016\">2016<\/a><br \/>&gt;&gt;&gt; <a href=\"http:\/\/www.quisquilia.net\/nova_blog\/wordpress\/cd2017\">2017<\/a><br \/>&gt;&gt;&gt; <a href=\"http:\/\/www.quisquilia.net\/nova_blog\/wordpress\/cd2018\">2018<\/a><br \/>&gt;&gt;&gt; <a href=\"http:\/\/www.quisquilia.net\/nova_blog\/wordpress\/cd2019\">2019<\/a><br \/>&gt;&gt;&gt; <a href=\"http:\/\/www.quisquilia.net\/nova_blog\/wordpress\/cd2020\">2020<\/a><br \/>&gt;&gt;&gt; <a href=\"http:\/\/www.quisquilia.net\/nova_blog\/wordpress\/cd2021\">2021 <\/a><\/p>\n<p>&gt;&gt;&gt; <a href=\"http:\/\/www.quisquilia.net\/nova_blog\/wordpress\/cd2022\">2022<\/a><\/p>\n<\/blockquote>\n<p><em>Veranstalter<\/em><\/p>\n<p><a href=\"http:\/\/www.clubtransmediale.de\/\">Club Transmediale (CTM)<\/a>: Flanke des medientheoretischen Mumpitz, Anti-Flaneure und Anti-Theorie<br \/><del datetime=\"2009-01-01\"><a href=\"http:\/\/kleine-frf.blogspot.com\/\">Das Kleine Field Recordings Festival (DKFRF)<\/a><\/del>: Drones &amp; Feldaufnahmen, ausgerichtet von <a href=\"http:\/\/www.myspace.com\/rinusvanalebeek\">Rinus van Alebeek<\/a><br \/><del datetime=\"2013-01-01\"><a href=\"http:\/\/dienstbar.info\/\">DienstBar<\/a><\/del>: (Harsh) Noise im Fokus, L\u00e4rmlastiges in der Blende, veranstaltet von <a href=\"http:\/\/filterohmnoise.fi.funpic.de\/\">Ohmnoise<\/a><br \/><a href=\"http:\/\/tochnit-aleph.com\/\">Tochnit Aleph<\/a>: Experimentelles und Gaga- &amp; Dada-Poesie an der Schmerzgrenze<br \/><a href=\"http:\/\/www.tunedcity.de\/\">Tuned City<\/a>: Architektur und Klang, im Spannungsfeld Neuer Musik und urbaner Musikalit\u00e4t<br \/><a href=\"http:\/\/www.hkw.de\/worldtronics\">Worldtronics<\/a>: Festival f\u00fcr elektronische Musik, Melange von Kosmopoliten, Graswurzlern und Club-Kids<\/p>\n<p><em>Veranstaltungsorte<\/em><\/p>\n<p><a href=\"http:\/\/www.agoracollective.org\/\">Agora Collective<\/a>, Mittelweg 50, 12053 Berlin (Neuk\u00f6lln)<br \/><del datetime=\"2009-01-01\"><a href=\"http:\/\/sites.google.com\/site\/diegochamy\/texts\/marta-blazanovic-interviewing-diego-chamy\">Alberto Ukebana<\/a><\/del>, Urbanstra\u00dfe 116, 10967 Berlin<br \/><a href=\"http:\/\/www.ausland-berlin.de\/\">Ausland<\/a>, Lychener Stra\u00dfe 60, 10437 Berlin<br \/><del datetime=\"2009-07-01\"><a href=\"http:\/\/www.myspace.com\/electronic_church\">Electronic Church<\/a><\/del>, Greifswalder Stra\u00dfe 223, 10405 Berlin<br \/><del datetime=\"2013-07-20\"><a href=\"http:\/\/www.festsaal-kreuzberg.de\/\">Festsaal Kreuzberg<\/a><\/del>, Skalitzer Stra\u00dfe 130, 10999 Berlin<br \/><a href=\"http:\/\/www.hkw.de\/\">Haus der Kulturen der Welt<\/a>, John-Foster-Dulles-Allee 10, 10557 Berlin<br \/><a href=\"http:\/\/www.mindpirates.org\/\">Mindpirates e.V.<\/a>, Falckensteinstra\u00dfe 48, 10997 Berlin<br \/><a href=\"http:\/\/www.nkprojekt.de\/\">NK<\/a>, Elsenstra\u00dfe 52, 12059 Berlin (Neuk\u00f6lln)<br \/><a href=\"http:\/\/rhiz.org\/\">Rhiz<\/a>, G\u00fcrtelbogen 37-38 (Josefst\u00e4dter Stra\u00dfe), 1080 Wien<br \/><a href=\"http:\/\/www.roulette.org\/\">Roulette<\/a>, 509 Atlantic Ave (at the corner of Atlantic &amp; 3rd Aves), Brooklyn, New York City 11217<br \/><a href=\"http:\/\/salonbruit.blogspot.com\/\">Salon Bruit @ K77<\/a>, Kastanienallee 77, 10435 Berlin<br \/><a href=\"http:\/\/www.konzertfluegel.com\/\">Piano Salon Christophori<\/a>, Uferhallen, Uferstra\u00dfe 8, 13357 Berlin<br \/><a href=\"http:\/\/staalplaat.wordpress.com\/\">Staalplaat Working Space<\/a>, Flughafenstra\u00dfe 38, 12053 Berlin (Neuk\u00f6lln)<br \/><a href=\"http:\/\/www.thestonenyc.com\/\">The Stone NYC<\/a>, at the corner of Avenue C \/ 2nd Street, New York City 10009<br \/><a href=\"http:\/\/ehemaliges-stummfilmkino-delphi.de\">ehemaliges Stummfilmkino Delphi<\/a>, Gustav-Adolf-Stra\u00dfe 2, 13086 Berlin<br \/><del datetime=\"2012-09-01\"><a href=\"http:\/\/www.tacheles.de\/\">Tacheles<\/a><\/del>, Oranienburger Stra\u00dfe 54-56a, 10117 Berlin<\/p>\n<\/div><\/div>\n","protected":false},"excerpt":{"rendered":"<p>Konzerte &gt;&gt;&gt; 2007&gt;&gt;&gt; 2008&gt;&gt;&gt; 2009&gt;&gt;&gt; 2010&gt;&gt;&gt; 2011&gt;&gt;&gt; 2012&gt;&gt;&gt; 2013&gt;&gt;&gt; 2014&gt;&gt;&gt; 2015&gt;&gt;&gt; 2016&gt;&gt;&gt; 2017&gt;&gt;&gt; 2018&gt;&gt;&gt; 2019&gt;&gt;&gt; 2020&gt;&gt;&gt; 2021 &gt;&gt;&gt; 2022 Veranstalter Club Transmediale (CTM): Flanke des medientheoretischen Mumpitz, Anti-Flaneure und Anti-TheorieDas Kleine Field Recordings Festival (DKFRF): Drones &amp; Feldaufnahmen, ausgerichtet von Rinus van AlebeekDienstBar: (Harsh) Noise im Fokus, L\u00e4rmlastiges in der Blende, veranstaltet von OhmnoiseTochnit Aleph: [&hellip;]<\/p>\n","protected":false},"author":1,"featured_media":0,"parent":0,"menu_order":0,"comment_status":"open","ping_status":"open","template":"","meta":[],"_links":{"self":[{"href":"https:\/\/www.quisquilia.net\/nova_blog\/wordpress\/wp-json\/wp\/v2\/pages\/131"}],"collection":[{"href":"https:\/\/www.quisquilia.net\/nova_blog\/wordpress\/wp-json\/wp\/v2\/pages"}],"about":[{"href":"https:\/\/www.quisquilia.net\/nova_blog\/wordpress\/wp-json\/wp\/v2\/types\/page"}],"author":[{"embeddable":true,"href":"https:\/\/www.quisquilia.net\/nova_blog\/wordpress\/wp-json\/wp\/v2\/users\/1"}],"replies":[{"embeddable":true,"href":"https:\/\/www.quisquilia.net\/nova_blog\/wordpress\/wp-json\/wp\/v2\/comments?post=131"}],"version-history":[{"count":98,"href":"https:\/\/www.quisquilia.net\/nova_blog\/wordpress\/wp-json\/wp\/v2\/pages\/131\/revisions"}],"predecessor-version":[{"id":3827,"href":"https:\/\/www.quisquilia.net\/nova_blog\/wordpress\/wp-json\/wp\/v2\/pages\/131\/revisions\/3827"}],"wp:attachment":[{"href":"https:\/\/www.quisquilia.net\/nova_blog\/wordpress\/wp-json\/wp\/v2\/media?parent=131"}],"curies":[{"name":"wp","href":"https:\/\/api.w.org\/{rel}","templated":true}]}}