{"id":306,"date":"2009-01-01T22:50:44","date_gmt":"2009-01-01T20:50:44","guid":{"rendered":"http:\/\/www.quisquilia.net\/nova_blog\/wordpress\/?page_id=306"},"modified":"2009-12-21T03:47:05","modified_gmt":"2009-12-21T01:47:05","slug":"cd2009","status":"publish","type":"page","link":"https:\/\/www.quisquilia.net\/nova_blog\/wordpress\/cd2009","title":{"rendered":"2009"},"content":{"rendered":"<p><em>Konzerte, die ich anno Domini 2009 besuchte:<\/em><\/p>\n<p>01.01. &#8211; Hellraiser, Leipzig &#8211; <em>Apokalyptik Folk <a href=\"http:\/\/silvester.neofolk.de\/\">Silvesterkonzert 2008<\/a><\/em>:<br \/>\nApoptose \/ Ianva \/ Ataraxia<\/p>\n<p>18.01. &#8211; <a href=\"http:\/\/st.guillaume.free.fr\/\">Saint-Guillaume<\/a>, Stra\u00dfburg &#8211; <em>Concert anniversaire de la naissance d&#8217;Albert Schweitzer<\/em>:<br \/>\nThierry Mechler, Anne Muller, l&#8217;Orchestre Albert Schweitzer<br \/>\n(Johann Sebastian Bach: BWV 816, 1058, 1054; Albert Roussel: Sinfonietta Op. 52; <a href=\"http:\/\/thierry.mechler.free.fr\/\">Thierry Mechler<\/a>: Six m\u00e9tamorphoses sur B.A.C.H. Op. 14 &#8211; 1\u00e9re audition)<\/p>\n<p>29.01. &#8211; <a href=\"http:\/\/www.lartichaut.fr\/\">L&#8217;Artichaut<\/a>, Stra\u00dfburg &#8211; <em>&#8222;Jeudi, c\u2019est boeuf!&#8220; &#8211; Jam Session Jazz<\/em>:<br \/>\n<a href=\"http:\/\/www.rickhannah.com\/\">Rick Hannah<\/a>, G\u00e9rald Muller, Thomas Laedlein et autres<\/p>\n<p>19.02. &#8211; L&#8217;Artichaut, Stra\u00dfburg &#8211; <em>&#8222;Jeudi, c\u2019est boeuf!&#8220; &#8211; Jam Session Jazz<\/em>:<br \/>\nJeremy Lirola, Fr\u00e9d\u00e9ric Gu\u00e9rin, <a href=\"http:\/\/www.myspace.com\/christopheimbs\">Christophe Imbs<\/a>, <a href=\"http:\/\/www.myspace.com\/davidflorschsaxo\">David Florsch<\/a> et autres<\/p>\n<p>28.03. &#8211; <a href=\"http:\/\/www.templeneuf.org\/\">L&#8217;Eglise du Temple Neuf<\/a>, Stra\u00dfburg &#8211; <em>Chants sacr\u00e9es et compositions classiques<\/em>:<br \/>\n<a href=\"http:\/\/www.guildfordhigh.surrey.sch.uk\/\">Guildford High School<\/a> Chorale, Orchestre de Chambre et Fanfare<br \/>\nDirection: Grayson Jones &#038; Catherine Woehrel<\/p>\n<p>24.05. &#8211; Ausland:<br \/>\n<a href=\"http:\/\/www.nytimes.com\/2002\/07\/14\/arts\/music-no-one-said-he-makes-for-easy-listening.html\">Elliott Sharp<\/a>, <a href=\"http:\/\/www.myspace.com\/eckhardtjohn\">John Eckhardt<\/a> \/ DJ Looping Loops<\/p>\n<p>13.06. &#8211; Access Bar, Berlin &#8211; <em><a href=\"http:\/\/www.myspace.com\/privilegivm\">Privilegium<\/a>: Official listening session &#038; performance<\/em>:<br \/>\nSecrets of the Moon \/ Farsot<\/p>\n<p>18.07. &#8211; NK:<br \/>\nFamily Battle Snake \/ Sudden Infant \/ <a href=\"http:\/\/afronoise.blogspot.com\/\">Cut Hands<\/a> (William Bennett, Nick Herd)<\/p>\n<p>14.08. &#8211; Radialsystem V, Berlin &#8211; <em><a href=\"http:\/\/www.sommercampworkstation.de\/?lp_lang_pref=de&#038;page_id=150\">John Cage: Variations VII<\/a><\/em>:<br \/>\nZoviet France, Matt Wand, Atau Tanaka (<a href=\"http:\/\/www.quisquilia.net\/nova_blog\/wordpress\/submerged-in-cage-822.html\">Bericht<\/a>)<\/p>\n<p>15.09. &#8211; NK:<br \/>\nRinus van Alebeek &#038; <a href=\"http:\/\/www.facebook.com\/people\/Giorgia-Angiuli\/623488637\">Giorgia Angiuli<\/a> \/ Hati \/ Big City Orchestra (Das &#038; <a href=\"http:\/\/www.myspace.com\/weirdpixie\">Ninah Pixie<\/a>) &#038; <a href=\"http:\/\/www.dronerecords.de\/\">Stefan Knappe<\/a> (Troum)<\/p>\n<p>27.11. &#8211; Ausland:<br \/>\n[sic] Tim Goldie (<a href=\"http:\/\/www.mangenerated.com\/blog\/?p=483\">The Abjector<\/a>) \/ <a href=\"http:\/\/www.ragazzi-music.de\/tazartes.html\">Gh\u00e9dalia Tazart\u00e8s<\/a> &#038; Reines d&#8217;Angleterre (Videos: <a href=\"http:\/\/www.youtube.com\/watch?v=VLHyGGpIZ_A\">[1]<\/a><a href=\"http:\/\/www.youtube.com\/watch?v=spAFIVlyiOg\">[2]<\/a>)<\/p>\n<p>08.12. &#8211; Rhiz:<br \/>\n<a href=\"http:\/\/www.myspace.com\/eugenechadbourne\">Eugene Chadbourne<\/a><\/p>\n<p><em>&gt;&gt;&gt; <a href=\"http:\/\/www.quisquilia.net\/nova_blog\/wordpress\/concerti-divertimenti\">Zur\u00fcck<\/a><\/em><\/p>\n","protected":false},"excerpt":{"rendered":"<p>Konzerte, die ich anno Domini 2009 besuchte: 01.01. &#8211; Hellraiser, Leipzig &#8211; Apokalyptik Folk Silvesterkonzert 2008: Apoptose \/ Ianva \/ Ataraxia 18.01. &#8211; Saint-Guillaume, Stra\u00dfburg &#8211; Concert anniversaire de la naissance d&#8217;Albert Schweitzer: Thierry Mechler, Anne Muller, l&#8217;Orchestre Albert Schweitzer (Johann Sebastian Bach: BWV 816, 1058, 1054; Albert Roussel: Sinfonietta Op. 52; Thierry Mechler: Six [&hellip;]<\/p>\n","protected":false},"author":1,"featured_media":0,"parent":0,"menu_order":0,"comment_status":"closed","ping_status":"closed","template":"","meta":[],"_links":{"self":[{"href":"https:\/\/www.quisquilia.net\/nova_blog\/wordpress\/wp-json\/wp\/v2\/pages\/306"}],"collection":[{"href":"https:\/\/www.quisquilia.net\/nova_blog\/wordpress\/wp-json\/wp\/v2\/pages"}],"about":[{"href":"https:\/\/www.quisquilia.net\/nova_blog\/wordpress\/wp-json\/wp\/v2\/types\/page"}],"author":[{"embeddable":true,"href":"https:\/\/www.quisquilia.net\/nova_blog\/wordpress\/wp-json\/wp\/v2\/users\/1"}],"replies":[{"embeddable":true,"href":"https:\/\/www.quisquilia.net\/nova_blog\/wordpress\/wp-json\/wp\/v2\/comments?post=306"}],"version-history":[{"count":24,"href":"https:\/\/www.quisquilia.net\/nova_blog\/wordpress\/wp-json\/wp\/v2\/pages\/306\/revisions"}],"predecessor-version":[{"id":323,"href":"https:\/\/www.quisquilia.net\/nova_blog\/wordpress\/wp-json\/wp\/v2\/pages\/306\/revisions\/323"}],"wp:attachment":[{"href":"https:\/\/www.quisquilia.net\/nova_blog\/wordpress\/wp-json\/wp\/v2\/media?parent=306"}],"curies":[{"name":"wp","href":"https:\/\/api.w.org\/{rel}","templated":true}]}}