{"id":3183,"date":"2014-01-12T02:43:11","date_gmt":"2014-01-12T00:43:11","guid":{"rendered":"http:\/\/www.quisquilia.net\/nova_blog\/wordpress\/?page_id=3183"},"modified":"2014-12-28T17:58:03","modified_gmt":"2014-12-28T15:58:03","slug":"cd2014","status":"publish","type":"page","link":"https:\/\/www.quisquilia.net\/nova_blog\/wordpress\/cd2014","title":{"rendered":"2014"},"content":{"rendered":"<p><em>Konzerte, die ich anno Domini 2014 besuchte:<\/em><\/p>\n<p>11.01. &#8211; Werkstatt der Kulturen, Berlin-Neuk\u00f6lln &#8211; <em><a href=\"http:\/\/www.werkstatt-der-kulturen.de\/de\/inhouse\/the_family\/\">Naked Jazz Presents<\/a><\/em>:<br \/>\nDapo Dina &#038; the Trado Jazz Quintett (Dapo Dina (p, voc, dir), Regis Molina (sax), Florian Menzel (tr), Kenneth Dahl Knudsen (b), Eric Vaughn (dr)) \/ The Soul of Blues &#038; Jazz (<a href=\"http:\/\/www.fuasi.com\/\">Fuasi Abdul-Khaliq<\/a> (sax), Gary Wiggins (sax), Hal Tsuchida (org), Jesus D. Vega (dr))<\/p>\n<p>18.01. \u2013 Deutsche Oper, Berlin \u2013 <em>Giacomo Puccini: Tosca<\/em>:<br \/>\nMatthias Foremny \/ Boleslaw Barlog, G\u00f6tz Friedrichs \/ Tatiana Serjan, Marcello Giordani, Sergey Murzaev u.a.<br \/>\n(<a href=\"http:\/\/www.slowtravelberlin.com\/deutsche-oper\/\">\u00dcber die Deutsche Oper<\/a>)<\/p>\n<p>14.02. &#8211; Weinhaus &#038; Kunstgalerie Grusignac, Berlin &#8211; <em>Weinverkostung<\/em>:<br \/>\nVokalensemble <a href=\"http:\/\/www.lepotarussianfolk.de\/\">Lepota<\/a><\/p>\n<p>12.03. &#8211; Kesselhaus der Kulturbrauerei, Berlin:<br \/>\nWe Were Evergreen \/ Anna Calvi<\/p>\n<p>15.03. \u2013 Deutsche Oper, Berlin \u2013 <em>Gaetano Donizetti: Lucia di Lammermoor<\/em>:<br \/>\nGuillermo Garc\u00eda Calvo \/ Filippo Sanjust \/ <a href=\"http:\/\/www.morgenpost.de\/printarchiv\/top-bmlive\/article115588817\/Aus-dem-Morgenland-an-den-Lietzensee.html\">Hulkar Sabirova<\/a>, Bastiaan Everink, Celso Albelo, Katarina Bradic u.a.<\/p>\n<p>20.03. &#8211; Rote Sonne (Pappelallee 27, VH, 4. OG re), Berlin:<br \/>\nRobin SunDer (DJ-Set)<\/p>\n<p>24.03. &#8211; Rote Sonne (Pappelallee 27, VH, 4. OG re), Berlin:<br \/>\n<a href=\"http:\/\/microglobe.de\/info\/biography\/\">Mijk van Dijk<\/a> (DJ-Set)<\/p>\n<p>08.04. &#8211; Piano Salon Christophori &#8211; <em>Jazz at its Best<\/em>:<br \/>\nWood &#038; Steel Trio (Marc Muellbauer (db), <a href=\"https:\/\/soundcloud.com\/christian-k-gel\">Christian K\u00f6gel<\/a> (dobro g), Roland Neffe (mar, vib))<\/p>\n<p>10.04. &#8211; Ausland:<br \/>\nPharoah Chromium (Ghazi Barakat) \/ Sudden Infant (Joke Lanz) \/ Contagious Orgasm (Hiroshi Hashimoto &#038; Arai Masamitsu)<\/p>\n<p>11.04. &#8211; Buchhandlung B\u00f6tzowbuch \/ Museumswerkstatt (Hufelandstr. 35), Berlin:<br \/>\n<a href=\"http:\/\/www.helenjordan.de\/\">Helen Jordan<\/a>: Hebr\u00e4ische Lieder \/ <a href=\"http:\/\/www.schneider-lesungen.de\/lesungen.html\">Martin &#038; Antje Schneider<\/a><\/p>\n<p>17.04. &#8211; <em>Biegungen im Ausland<\/em>:<br \/>\nBob Ostertag &#038; Jon Rose \/ Bob Ostertag: <a href=\"http:\/\/mutant-sounds.blogspot.de\/2009\/05\/bob-ostertag-sooner-or-later-lp-1991.html\">Sooner or Later<\/a><\/p>\n<p>05.05. &#8211; The Stone NYC &#8211; <em>Jon Madof\u2019s Zion80 plays John Zorn\u2019s Book of Angels<\/em> (unreleased yet):<br \/>\nZion80 (Jon Madof (g, dir), Jessica Lurie (sax, fl), Zach Mayer (sax), Greg Wall (sax), Brian Marsella (keys: Farfisa organ), Matt Darriau (sax), Frank London (tr), Marlon Sobol (perc), Yoshie Fruchter (g), Yuval Lion (dr), Shanir Ezra Blumenkranz (b))<\/p>\n<p>07.05. &#8211; <em>The Rose Club<\/em> at The Plaza, NYC:<br \/>\n<a href=\"http:\/\/www.thekatgang.com\/#!calendar\/c9a0\">Kat Gang<\/a> (voc), Phil Palombi (b), Matthew Fries (keys), Tim Bulkley (dr) <em>[<a href=\"http:\/\/www.newyork.com\/articles\/hotels\/jazz-it-up-at-nyc-hotels-03305\/\">more on<\/a> Jazz in NYC hotels]<\/em><\/p>\n<p>15.05. &#8211; Werkstatt der Kulturen, Berlin-Neuk\u00f6lln &#8211; <em>Original Compositions &#038; Jam Session<\/em>:<br \/>\nEric Vaughn Trio (Uri Gincel (p), Josh Ginsburg (b), Eric Vaughn (dr)) &#038; Lucia Fodde (voc), NN (dr), NN (dr), NN (g), Joe Richter (p) [<a href=\"https:\/\/www.facebook.com\/events\/220841001445795\/\">Veranstaltungsank\u00fcndigung<\/a>]<\/p>\n<p>16.05. &#8211; Waldo Bar, Berlin &#8211; <em>The Experiment (and late night session): Electro Nothingness of Something<\/em>:<br \/>\nUri Gincel (p, elec), Yonatan Levi (b, elec), Jesus D. Vega (dr) [<a href=\"https:\/\/www.facebook.com\/events\/633716400042571\/\">Veranstaltungsank\u00fcndigung<\/a>]<\/p>\n<p>01.06. &#8211; Bebelplatz \/ Unter den Linden, Berlin &#8211; <em>Staatsoper f\u00fcr alle<\/em>:<br \/>\nDaniel Barenboim, Staatskapelle Berlin \/ <a href=\"http:\/\/www.lisabatiashvili.com\/\">Lisa Batiaschwili<\/a> \/ Martin Wright, Staatsopernchor<br \/>\n(Richard Wagner: &#8222;Einzug der G\u00e4ste&#8220; aus Tannh\u00e4user; Ludwig van Beethoven: Violinkonzert D-Dur Op. 61; Igor Strawinsky: Le sacre du printemps; Pjotr Iljitsch Tschaikowski: &#8222;Polonaise&#8220; aus Eugen Onegin (Zugabe))<\/p>\n<p>01.06. &#8211; Areal des Wasserturms Prenzlauer Berg, Berlin &#8211; <em><a href=\"http:\/\/www.singuhr.de\/page.php?ID=733\">Pulse au\u00dfen: Stadtmusik<\/a><\/em>:<br \/>\n<a href=\"http:\/\/www.drummerworld.com\/drummers\/Robyn_Schulkowsky.html\">Robyn Schulkowsky<\/a> \/ Chor schreiender M\u00e4nner Pankow, Jugendsinfonieorchester Marzahn-Hellersdorf, Junges Ensemble Berlin \/ Blasorchester, Das Original Oberkreuzberger Nasenfl\u00f6tenorchester: Der Grindchor, <a href=\"http:\/\/www.youtube.com\/watch?v=Wa2j05sFevw\">Schnaftl Ufftschik<\/a>, Zentralkapelle Berlin<br \/>\n(Charles Ives: &#8222;Life Puls Prelude&#8220; (Lebenspuls-Pr\u00e4ludium f\u00fcr 7 Schlagwerkgruppen) aus Universe Symphony)<\/p>\n<p>26.06. &#8211; Haus der Berliner Festspiele &#8211; <em>Foreign Affairs<\/em>:<br \/>\nFC Bergman, Dirk Roofthooft, Viviane De Muynck \/ <a href=\"http:\/\/www.kaleidoskopmusik.de\">Solistenensemble Kaleidoskop<\/a>, Magnus Andersson (Theorbe) \/ <a href=\"http:\/\/liesavanderaa.bandcamp.com\">Liesa Van der Aa<\/a>, Gregory Frateur<br \/>\n(Josse De Pauw: <a href=\"http:\/\/www.berlinerfestspiele.de\/de\/aktuell\/festivals\/foreign_affairs\/fa14_programm\/fa14_programm_gesamt\/fa14_veranstaltungsdetail_97815.php\">&#8222;Van den vos&#8220;<\/a> (Reineke Fuchs))<\/p>\n<p>26.06. &#8211; Haus der Berliner Festspiele &#8211; <em>Foreign Affairs<\/em>:<br \/>\nBaby Dee (p)<\/p>\n<p>27.07. &#8211; J\u00fcdisches Museum Berlin &#8211; <em>Sonntagsmatinee: <a href=\"http:\/\/www.jmberlin.de\/main\/DE\/02-Veranstaltungen\/01-Kultursommer\/02-jazzGarden.php\">Jazz in the Garden<\/a><\/em>:<br \/>\nButtering Trio<\/p>\n<p>24.08. &#8211; J\u00fcdisches Museum Berlin &#8211; <em>Sonntagsmatinee: <a href=\"http:\/\/www.jmberlin.de\/main\/DE\/02-Veranstaltungen\/01-Kultursommer\/02-jazzGarden.php\">Jazz in the Garden<\/a><\/em>:<br \/>\nEfrat Alony (voc), Oliver Leicht (cl, electronics) &#038; Frank Wingold (g)<\/p>\n<p>31.08. &#8211; Badehaus Szimpla, Berlin &#8211; <em>Gunter Hampel 77th Birthday Bash!<\/em>:<br \/>\nGunter Hampel Music &#038; Dance Improvisation Company \/ <a href=\"http:\/\/www.trio-lux.com\/de\/live-band\/artist-trio-lux\/olga-sax-trio-lux.html\">Olga Amelchenko<\/a> (sax), Andrew Adair (p), Eric Vaughn (dr), Natalie Greffel (voc), Carmelo Leotta (b), Florian Menzel (tr) et al.<\/p>\n<p>02.09. &#8211; Bi Nuu (ehemaliges Kato am Schlesischen Tor), Berlin:<br \/>\nCaspar Br\u00f6tzmann (g), Massimo Pupillo (b), Alexandre Babel (dr), T.Raumschmiere (electronics)<\/p>\n<p>06.09. &#8211; P.A.N.D.A Theater (Kulturbrauerei, Kleiner Hof), Berlin:<br \/>\nOlga Arefieva <a href=\"https:\/\/www.facebook.com\/events\/375083232638888\/\"><em>(solo, unplugged)<\/em><\/a>, Lena Kalagina (Theater KALIMBA, Moskau)<\/p>\n<p>19.09. &#8211; <a href=\"http:\/\/www.muenster-doberan.de\/index.php?id=25\">Doberaner M\u00fcnster<\/a>, Bad Doberan &#8211; <em>Kirchenmusik im Doberaner M\u00fcnster<\/em>:<br \/>\nClemens R. Hoffmann (alto &#038; soprano sax), Christina Hanke-Bleidorn (org): Reeds &#038; Pipes. Konzert f\u00fcr Saxophon und Orgel<\/p>\n<p>18.10. &#8211; Tempodrom, Berlin &#8211; <em>Gastspiel des B\u00e9jart Ballet Lausanne<\/em>:<br \/>\nGustav Mahler: Ce que l&#8217;amour me dit (Sinfonie Nr. 3 d-moll, 4.-6. Satz) \/ Igor Strawinsky: Le sacre du printemps<br \/>\nMaurice B\u00e9jart, Gil Roman \/  Ensemble B\u00e9jart Ballet Lausanne \/<br \/>\nDonald Runnicles, James Feddeck \/ Orchester der Deutschen Oper Berlin \/ Chor und Kinderchor der Deutschen Oper Berlin \/<br \/>\nRonnita Miller (mezzosopr.)<\/p>\n<p>22.10. &#8211; Haus der Kulturen der Welt &#8211; <em>25 Jahre HKW: Festakt &#8211; 10 Pocket Symphonies<\/em>:<br \/>\nJohn Kameel Farah (p, elec) \/ Ana Maria Rodriguez (comp, elec), Cosima Gerhardt (vc) \/ Zeitblom (elec) \/ Alex Paulick (g) \/ Eliav Brand (comp), Kammerensemble Neue Musik (Theodor Flindell (v), Emily Yabe (v), Kirstin Maria Pientka (viola), Cosima Gerhardt (vc)) \/ Guido M\u00f6bius (g, elec, voc) \/ <a href=\"http:\/\/www.julianahodkinson.net\">Juliana Hodkinson<\/a> (comp), Ernst Surberg (p, toy elec) \/ Ari Benjamin Meyers (comp), Mariel Price (sax), <a href=\"http:\/\/www.adriantully.com\">Adrian Tully<\/a> (sax) \/ Adi Gelbart (comp, elec), Benno Schmitz (b-cl) \/ Patric Catani (elec), <a href=\"http:\/\/yuhki.de\">Yuko Matsuyama<\/a> (voc)<\/p>\n<p>29.10. &#8211; Piano Salon Christophori &#8211; <em>Jazz at its Best<\/em>:<br \/>\nJim Black Trio (Elias Stemeseder (p), Thomas Morgan (b), Jim Black (dr, perc))<\/p>\n<p>03.11. &#8211; Gr\u00fcner Salon, Volksb\u00fchne, Berlin \u2013 <em>Denovali Residency Concert Series I<\/em>:<br \/>\nWitxes (Maxime Vavasseur) \/ The Dale Cooper Quartet (Christophe Mevel (g), Ga\u00ebl Loison (elec), Yannick Martin (b)) &#038; Krystian Sarrau (sax) &#038; Ronan Mac Erlaine (voc)<\/p>\n<p>07.11. &#8211; Konzertsaal, Universit\u00e4t der K\u00fcnste (UdK), Berlin &#8211; <em>Amor imposible<\/em>:<br \/>\nAlondra de la Parra, Rundfunk-Sinfonieorchester Berlin<br \/>\n(Pjotr Iljitsch Tschaikowsky: Fantasie-Ouvert\u00fcre aus &#8222;Romeo und Julia&#8220;; Leonard Bernstein: Sinfonische T\u00e4nze aus &#8222;West Side Story&#8220;; Ricardo Castro: Intermezzo aus der Oper &#8222;Atzimba&#8220;; Silvestre Revueltas: &#8222;La noche de los mayas&#8220;, Ballettsuite in vier S\u00e4tzen f\u00fcr Orchester)<\/p>\n<p>16.11. &#8211; Duke Restaurant, Ellington Hotel, Berlin &#8211; <em>Jazzbrunch<\/em>:<br \/>\nCraig Burton Duo<\/p>\n<p>21.11. &#8211; Kultst\u00e4tte Keller, Berlin-Neuk\u00f6lln &#8211; <em><a href=\"http:\/\/karmanoia.org\">Karmanoia<\/a>: <a href=\"https:\/\/www.facebook.com\/events\/726332050777282\/\">The Transformenschens Abend<\/a><\/em>:<br \/>\nThe Dead Band &#8230;Alive \/ Agios Lavrentios Brass Band<\/p>\n<p>10.12. &#8211; <a href=\"http:\/\/www.bflat.info\">B Flat<\/a> (Japanese speakeasy in Tribeca), NYC:<br \/>\nJordan Young Trio<\/p>\n<p>11.12. &#8211; The Stone NYC:<br \/>\nFred Frith (g) &#038; George Lewis (tbn, elec)<\/p>\n<p>12.12. &#8211; Home Sweet Home, NYC &#8211; <em><a href=\"https:\/\/www.facebook.com\/events\/1537057436533586\/\">NY Night Train<\/a><\/em>:<br \/>\nShine Brothers \/ DJ Jonathan Toubin \/ DJ Robert Fearless<\/p>\n<p>13.12. &#8211; Salon, Soho Grand, NYC:<br \/>\n<a href=\"http:\/\/www.grandlifehotels.com\/event\/dj-mike-nouveau-at-soho-grand-5\/\">DJ Mike Nouveau<\/a><\/p>\n<p>21.12. \u2013 Spiegelsaal in Cl\u00e4rchens Ballhaus, Berlin \u2013 <em>Sonntagskonzerte<\/em>:<br \/>\nTristan Thery (v), <a href=\"http:\/\/www.carte-carriere.de\/Yun-Jin_Cho.html\">Yun-Jin Cho<\/a> (v), Anton Jivaev (va), Adrien Boisseau (va)*, Nicolas Defranoux (vc) Kajana Packo (vc) \/<br \/>\nArnold Sch\u00f6nberg: &#8222;Verkl\u00e4rte Nacht&#8220; f\u00fcr Streichsextett Op. 4* \/<br \/>\nFranz Schubert: Streichquintett C-Dur D 956 Op. 163<\/p>\n<p>28.12. &#8211; Jagger, Berlin &#8211; <em>Soul Brunch meets Jazz<\/em>:<br \/>\nJagger Jam Band (Gordon Gatherer (voc, hca), Sugbear Nairn (g), Noriaki Hosoya (b), NN (dr), NN (p), NN (dr, Russian boy), NN (b, voc, Russian sister))<\/p>\n<p><em>>>> <a href=\"http:\/\/www.quisquilia.net\/nova_blog\/wordpress\/concerti-divertimenti\">Zur\u00fcck<\/a><\/em><\/p>\n","protected":false},"excerpt":{"rendered":"<p>Konzerte, die ich anno Domini 2014 besuchte: 11.01. &#8211; Werkstatt der Kulturen, Berlin-Neuk\u00f6lln &#8211; Naked Jazz Presents: Dapo Dina &#038; the Trado Jazz Quintett (Dapo Dina (p, voc, dir), Regis Molina (sax), Florian Menzel (tr), Kenneth Dahl Knudsen (b), Eric Vaughn (dr)) \/ The Soul of Blues &#038; Jazz (Fuasi Abdul-Khaliq (sax), Gary Wiggins (sax), [&hellip;]<\/p>\n","protected":false},"author":1,"featured_media":0,"parent":0,"menu_order":0,"comment_status":"open","ping_status":"open","template":"","meta":[],"_links":{"self":[{"href":"https:\/\/www.quisquilia.net\/nova_blog\/wordpress\/wp-json\/wp\/v2\/pages\/3183"}],"collection":[{"href":"https:\/\/www.quisquilia.net\/nova_blog\/wordpress\/wp-json\/wp\/v2\/pages"}],"about":[{"href":"https:\/\/www.quisquilia.net\/nova_blog\/wordpress\/wp-json\/wp\/v2\/types\/page"}],"author":[{"embeddable":true,"href":"https:\/\/www.quisquilia.net\/nova_blog\/wordpress\/wp-json\/wp\/v2\/users\/1"}],"replies":[{"embeddable":true,"href":"https:\/\/www.quisquilia.net\/nova_blog\/wordpress\/wp-json\/wp\/v2\/comments?post=3183"}],"version-history":[{"count":53,"href":"https:\/\/www.quisquilia.net\/nova_blog\/wordpress\/wp-json\/wp\/v2\/pages\/3183\/revisions"}],"predecessor-version":[{"id":3187,"href":"https:\/\/www.quisquilia.net\/nova_blog\/wordpress\/wp-json\/wp\/v2\/pages\/3183\/revisions\/3187"}],"wp:attachment":[{"href":"https:\/\/www.quisquilia.net\/nova_blog\/wordpress\/wp-json\/wp\/v2\/media?parent=3183"}],"curies":[{"name":"wp","href":"https:\/\/api.w.org\/{rel}","templated":true}]}}