{"id":3495,"date":"2016-01-20T23:04:34","date_gmt":"2016-01-20T21:04:34","guid":{"rendered":"http:\/\/www.quisquilia.net\/nova_blog\/wordpress\/?page_id=3495"},"modified":"2017-01-01T22:21:10","modified_gmt":"2017-01-01T20:21:10","slug":"cd2016","status":"publish","type":"page","link":"https:\/\/www.quisquilia.net\/nova_blog\/wordpress\/cd2016","title":{"rendered":"2016"},"content":{"rendered":"<p><em>Konzerte, die ich anno Domini 2016 besuchte:<\/em><\/p>\n<p>19.01. \u2013 Bi Nuu (ehemaliges Kato am Schlesischen Tor), Berlin \u2013 <em>Berlin Sessions presents<\/em>:<br \/>\nMilly Blue \/ Buttering Trio \/ Cavanaugh (Open Mike Eagle &#038; Serengeti)<\/p>\n<p>30.01. \u2013 Caf\u00e9 Theater Schalotte, Berlin &#8211; <em>Autorretrato (Solo-Flamencoprogramm)<\/em>:<br \/>\n<a href=\"http:\/\/raphaelastern.de\">Raphaela Stern<\/a> \/ Jos\u00e9 Ram\u00edrez (voc, perc), Enrique Correa (voc), Olga Iturri Franco (voc), Zamna\u2019 Urista Rojas (g)<\/p>\n<p>11.02. \u2013 KW Kunst-Werke Berlin \u2013 Institute for Contemporary Art, Berlin \u2013 <em><a href=\"http:\/\/www.6554.de\/021116\/\">Feed at KW 021116<\/a><\/em>:<br \/>\nAlec Empire \/ Rafael Anton Irisarri<\/p>\n<p>19.02. \u2013 Wabe, Berlin \u2013 <em><a href=\"https:\/\/de.wikipedia.org\/wiki\/Bal_Folk\">Bal Folk<\/a><\/em>:<br \/>\nLes Z\u00e9oles (Anna Guinot, Am\u00e9lie Denari\u00e9) \/ Sons Libres (Adama Diop, Anna Guinot)<\/p>\n<p>20.03. \u2013 <a href=\"http:\/\/www.atelier-aeuglein.de\">Atelier \u00c4uglein<\/a>, Oppelner Stra\u00dfe 12, Berlin \u2013 <em><a href=\"https:\/\/www.facebook.com\/events\/1557522717898803\/\">Noiseberg #33<\/a><\/em>:<br \/>\nConure (Mark Wilson) \/ Fuego (Nacho C\u00f3rdoba)<\/p>\n<p>27.03. \u2013 The Stone NYC \u2013 <em>John Zorn&#8217;s <a href=\"http:\/\/thestonenyc.com\/images\/Stone2015BagatellesPoster.pdf\">Bagatelles<\/a><\/em>:<br \/>\nJon Irabagon (sax), Matt Mitchell (p), Drew Gress (b), Tom Rainey (dr)<\/p>\n<p>28.03. \u2013 <a href=\"http:\/\/www.analoguenyc.com\">Analogue<\/a>, Greenwich Village, NYC:<br \/>\nRenaud Penant (dr), Pasquale Grasso (b), Paul Gill (b), NN (g)<\/p>\n<p>29.03. \u2013 Bar Next Door (part of La Lanterna Caffe, MacDougal Street 129\/131), NYC:<br \/>\nThe Hashem Assadullahi\u2019s Standard Deviation Trio (Hashem Assadullahi (alto sax), Leonard Thompson (p), Matt Wilson (dr))<\/p>\n<p>31.03. \u2013 Metropolitan Opera (The Met), NYC \u2013 <em>Gaetano Donizetti: <a href=\"https:\/\/www.metopera.org\/Season\/2015-16-Season\/roberto-devereux-donizetti-tickets\/\">Roberto Devereux<\/a><\/em>:<br \/>\nMaurizio Benini \/ David McVicar \/ Sondra Radvanovsky, <a href=\"http:\/\/elinagaranca.com\/\">El\u012bna Garan\u010da<\/a>, Mario Zeffiri, Mariusz Kwiecien, et al.<br \/>\n(kritischer <a href=\"http:\/\/poisonivywalloftext.blogspot.com\/2016\/04\/roberto-devereux-god-save-queen.html\">Bericht<\/a>) (NY Times: <a href=\"http:\/\/www.nytimes.com\/2016\/03\/26\/arts\/music\/roberto-devereux-at-the-met-and-a-sopranos-triple-crown.html\">Rezension<\/a>)<\/p>\n<p>01.04. \u2013 Roulette, NYC \u2013 <em><a href=\"http:\/\/roulette.org\/events\/william-hooker-evidence-the-baldwin-suite-2\/\">William Hooker: Evidence: The Baldwin Suite<\/a><\/em>:<br \/>\nMark Hennen (p), Matt Lavelle (tr, sax), Tor Snyder (g), Kimani Fowlin (dance), AkuStyx (rap), Jesse Henry (g), William Hooker (dr, voc, dir)<\/p>\n<p>02.04. \u2013 The Stone NYC \u2013 <em>The Pan Asian Chamber Jazz Ensemble Plays <a href=\"https:\/\/www.youtube.com\/watch?v=oVeKkPPZU8M\">Music of Ryuichi Sakamoto<\/a><\/em>:<br \/>\nJean-Michel Pilc (p), Meg Okura (v), <a href=\"https:\/\/orbareket.com\">Or Bareket<\/a> (b), Anne Drummond (fl), Sam Sadigursky (bcl), Satoshi Takeishi (dr, perc)<\/p>\n<p>05.05. \u2013 Privatclub, Berlin \u2013 <em>3. XJazz Festival<\/em>:<br \/>\nPaul Brody (tr), Christian Dawid (cl), Martin Lillich (b), Christian K\u00f6gel (g), Michael Griener (dr)<\/p>\n<p>06.05. \u2013 Baumhaus Bar (Teil des <a href=\"http:\/\/musikundfrieden.de\">Musik und Friedens<\/a>) \u2013 <em>3. XJazz Festival<\/em>:<br \/>\nMiss Kenichi (Katrin Hahner (voc, g), <a href=\"http:\/\/knoxchandler.com\">Knox Chandler<\/a> (blues g, efx), Arne Augustin (keys, synth), Shaun Mulrooney (b), Hanno Stick (dr))<\/p>\n<p>06.05. \u2013 Emmauskirche, Berlin \u2013 <em>3. XJazz Festival: Cinematic Jazz \u2013 The Music of Tom Tykwer<\/em>:<br \/>\nGene Pritsker (dir, g, DJ), Sebastian Studnitzky (tr), Kristjan Randalu (p), Bodek Janke (dr, perc, tabla), Paul Kleber (b), Carmen Cordas (VJ), <a href=\"https:\/\/www.facebook.com\/BerlinerCamerata\">Berliner Camerata String Quartet<\/a> (Olga Pak (v), Leila Akhmetova (v), Jens Domeyer (vla), Yann Merker (vlc))<\/p>\n<p>08.05. \u2013 J\u00fcdisches Museum Berlin \u2013 <em>Konzert zum Auftakt der J\u00fcdisch-Marokkanischen Filmwoche: &#8222;Howa Jani&#8220;<\/em>:<br \/>\nNeta Elkayam (voc, perc), <a href=\"http:\/\/www.amithaicohen.com\/#!howa-jani\/ci2n\">Amit Hai Cohen<\/a> (p), Netanel Ben Shitrit (darbuka, perc), <a href=\"http:\/\/thenjo.org\/orchestramembers\/elad-levi\/\">Elad Levi<\/a> (v)<\/p>\n<p>18.05. \u2013 Musikbrauerei (Schneider-Brauerei), Berlin \u2013 <em><a href=\"http:\/\/www.digitalinberlin.de\/kiezsalon\/\">Kiezsalon<\/a><\/em>:<br \/>\nJanek Schaefer \/ Ogoya Nengo &#038; The Dodo Women&#8217;s Group (Anastasia Oluoch Akumu (dir, voc), Margaret Ondiege Asin (voc), Maria Auma Ochieng (voc), Victor Oloo Omondi (Ohangla dr, perc, orutu), Joseph Oloo Omondi (voc, solo Ohangla dr, perc, nyatiti))<\/p>\n<p>01.06. \u2013 Zig Zag Jazz Club, Berlin \u2013 <em>Ten Thunders Series<\/em>:<br \/>\nSamuel Blaser (tbn) &#038; Marc Ducret (g, efx) <em>[<a href=\"http:\/\/www.zigzag-jazzclub.berlin\/program-mai\/2016\/6\/1\/mittwoch-010616-samuel-blaser-marc-ducret\">Ank\u00fcndigung<\/a>]<\/em><\/p>\n<p>05.06. \u2013 Jazzboat Berlin (<a href=\"http:\/\/kulturclub.berlin\/about-me\">Kulturclub<\/a> auf dem Saale-Ma\u00dfkahn Helene) \u2013 <em>Jazzy Berlin First Members Meeting<\/em>:<br \/>\nAvi Albers Ben Chamo (dir), Gianfranco Coppola (b), Doron Segal (keys), Dave Liebman (sax), Dieter Irber (soprano sax), <a href=\"http:\/\/www.dustindrewsmusic.com\/\">Dustin Drews<\/a> (sax), Lucia Fodde (voc), NN (dr), NN (black, dr)<\/p>\n<p>31.07. \u2013 J\u00fcdisches Museum Berlin \u2013 <em>Jazz in the Garden<\/em>:<br \/>\nBester Quartet (Jaros\u0142aw Tyra\u0142a (v), Jaros\u0142aw Bester (acc, perc), Miko\u0142aj Pospieszalski (b), Oleg Dyyak (dr, perc, cl, duduk))<\/p>\n<p>09.08. \u2013 Cassiopeia, Berlin:<br \/>\nMonarch \/ Year of No Light <em>[<a href=\"http:\/\/cassiopeia-berlin.de\/event\/year-of-no-light\/\">Ank\u00fcndigung<\/a>]<\/em><\/p>\n<p>05.09. \u2013 <a href=\"http:\/\/www.shz.de\/lokales\/sylter-rundschau\/das-wohnzimmer-gottes-id5223791.html\">Friesenkapelle<\/a>, Wenningstedt (Sylt) \u2013 <em>Boogie in the Church<\/em>:<br \/>\nJo Bohnsack<\/p>\n<p>27.09. \u2013 Zionskirche, Berlin:<br \/>\nTerry Riley &#038; Gyan Riley <em>(<a href=\"https:\/\/www.facebook.com\/events\/475708872628983\/\">synthesis of<\/a> minimalism, jazz, ragtime and North Indian raga)<\/em><\/p>\n<p>06.10. \u2013 Musikbrauerei (Schneider-Brauerei), Berlin \u2013 <em>Bart\u00f3k beyond Borders, Vol. 1<\/em>:<br \/>\nMini-Lounge (Naaman Wagner (p) et al., NN (DJ))<br \/>\n<em>B\u00e9la Bart\u00f3k &#8211; T\u00e4nze aus Siebenb\u00fcrgen, arr. Badreddin (Shafi Badreddin)<br \/>\nB\u00e9la Bart\u00f3k &#8211; 1. Klavierkonzert, arr. Alkaei (Zaher Alkaei)<br \/>\nB\u00e9la Bart\u00f3k &#8211; Konzert f\u00fcr Orchester, arr. Gale<\/em><br \/>\nJoolz Gale \/ Juliana Steinbach (p) \/ Ensemble Mini (Jimena de Vicente Alvarez (fl), Clara Dent (ob), Edgar He\u00dfke (cl), Balint Mohai (bn), Juliane Grepling (hn), Jonathan M\u00fcller (tr), Daniel T\u00e9llez Guti\u00e9rrez (tbn), <a href=\"http:\/\/www.frankaherwig.de\">Franka Herwig<\/a> (acc), Henning B\u00f6rgel (perc), Jakob Eschenburg (perc), Viktor Hartobanu (hp), <a href=\"http:\/\/www.nordicartistsmanagement.com\/artists\/jiyoon-lee\">Jiyoon Lee<\/a> (v), <a href=\"http:\/\/www.philharmonia.lviv.ua\/artists\/actors-169\/?lang=en\">Marina Graumann<\/a> (v), <a href=\"http:\/\/www.cristinagoicea.com\">Ioana Cristina Goicea<\/a> (v), <a href=\"http:\/\/www.chiharutaki.com\">Chiharu Taki<\/a> (v), Eri Sugita (va), Mathis Rochat (va), <a href=\"http:\/\/www.waikato.ac.nz\/news-events\/media\/2013\/cellist-king-returns\">Edward King<\/a> (vc), <a href=\"https:\/\/www.facebook.com\/laure.ledantec\">Laure Le Dantec<\/a> (vc), Hans Stockhausen (db))<\/p>\n<p>31.10. \u2013 Goethe-Institut Damaskus im Exil, Rosa-Luxemburg-Str. 16, 10178 Berlin \u2013 <em>Damascus Rhythm<\/em>:<br \/>\n<a href=\"https:\/\/www.facebook.com\/events\/212200739205900\/\">Pieces from Exile<\/a> (Rik Watkinson (design) \/ Khaled Kurbeh (synth, drum machine), Tom Berkmann (b), Raman Khalaf (oud))<\/p>\n<p>31.12. \u2013 Ehemaliges Stummfilmkino Delphi, Berlin \u2013 <em><a href=\"https:\/\/www.facebook.com\/events\/1760958964153909\/\">Swinging Silvesterball 2016\/2017<\/a><\/em>:<br \/>\nMiss Natasha Enquist \/ Dizzy Birds \/ <a href=\"http:\/\/berlinlovesyou.com\/2016\/11\/10\/anja-pavlova-russia-love-1920s-burlesque-dancer-berlin\/\">Anja Pavlova<\/a><\/p>\n<p><em>>>> <a href=\"http:\/\/www.quisquilia.net\/nova_blog\/wordpress\/concerti-divertimenti\">Zur\u00fcck<\/a><\/em><\/p>\n","protected":false},"excerpt":{"rendered":"<p>Konzerte, die ich anno Domini 2016 besuchte: 19.01. \u2013 Bi Nuu (ehemaliges Kato am Schlesischen Tor), Berlin \u2013 Berlin Sessions presents: Milly Blue \/ Buttering Trio \/ Cavanaugh (Open Mike Eagle &#038; Serengeti) 30.01. \u2013 Caf\u00e9 Theater Schalotte, Berlin &#8211; Autorretrato (Solo-Flamencoprogramm): Raphaela Stern \/ Jos\u00e9 Ram\u00edrez (voc, perc), Enrique Correa (voc), Olga Iturri Franco [&hellip;]<\/p>\n","protected":false},"author":1,"featured_media":0,"parent":0,"menu_order":0,"comment_status":"open","ping_status":"open","template":"","meta":[],"_links":{"self":[{"href":"https:\/\/www.quisquilia.net\/nova_blog\/wordpress\/wp-json\/wp\/v2\/pages\/3495"}],"collection":[{"href":"https:\/\/www.quisquilia.net\/nova_blog\/wordpress\/wp-json\/wp\/v2\/pages"}],"about":[{"href":"https:\/\/www.quisquilia.net\/nova_blog\/wordpress\/wp-json\/wp\/v2\/types\/page"}],"author":[{"embeddable":true,"href":"https:\/\/www.quisquilia.net\/nova_blog\/wordpress\/wp-json\/wp\/v2\/users\/1"}],"replies":[{"embeddable":true,"href":"https:\/\/www.quisquilia.net\/nova_blog\/wordpress\/wp-json\/wp\/v2\/comments?post=3495"}],"version-history":[{"count":35,"href":"https:\/\/www.quisquilia.net\/nova_blog\/wordpress\/wp-json\/wp\/v2\/pages\/3495\/revisions"}],"predecessor-version":[{"id":3504,"href":"https:\/\/www.quisquilia.net\/nova_blog\/wordpress\/wp-json\/wp\/v2\/pages\/3495\/revisions\/3504"}],"wp:attachment":[{"href":"https:\/\/www.quisquilia.net\/nova_blog\/wordpress\/wp-json\/wp\/v2\/media?parent=3495"}],"curies":[{"name":"wp","href":"https:\/\/api.w.org\/{rel}","templated":true}]}}