{"id":3676,"date":"2019-01-28T08:11:02","date_gmt":"2019-01-28T06:11:02","guid":{"rendered":"http:\/\/www.quisquilia.net\/nova_blog\/wordpress\/?page_id=3676"},"modified":"2019-12-16T23:13:51","modified_gmt":"2019-12-16T21:13:51","slug":"cd2019","status":"publish","type":"page","link":"https:\/\/www.quisquilia.net\/nova_blog\/wordpress\/cd2019","title":{"rendered":"2019"},"content":{"rendered":"<p><em>Konzerte, die ich anno Domini 2019 besuchte:<\/em><\/p>\n<p>27.01. \u2013 Neuer Berliner Kunstverein (n.b.k.), Berlin \u2013 <em><a href=\"https:\/\/www.nbk.org\/diskurs\/broetzmann.html\">A 37 90 89 \u2013 Die Erfindung der Neo-Avantgarde<\/a><\/em>:<br \/>\nPeter Br\u00f6tzmann<\/p>\n<p>10.02. \u2013 Konzerthaus Berlin am Gendarmenmarkt:<br \/>\n<a href=\"http:\/\/theknightsnyc.com\">The Knights<\/a>, Eric Jacobsen (dir) &#038; Avi Avital (mandolin)<br \/>\n<em>Jean-F\u00e9ry Rebel: &#8222;Le cahos&#8220; ex &#8222;Les \u00e9l\u00e9ments&#8220;<br \/>\nThomas Ad\u00e8s: Three Studies from Couperin (&#8222;Les amusemens&#8220;, &#8222;Les tours de passe-passe&#8220;, &#8222;L&#8217;\u00e2me-en-peine&#8220;)<br \/>\nJean-Philippe Rameau: Ouverture de la Trag\u00e9die lyrique &#8222;Zoroastre&#8220;<br \/>\nJohann Sebastian Bach: Konzert f\u00fcr Cembalo, Streicher und Basso continuo d-Moll BWV 1052, f\u00fcr Mandoline u. Streicher bearb. v. Avi Avital<br \/>\nLudwig van Beethoven: Sinfonie Nr. 8 F-Dur, Op. 93<br \/>\nFolk pieces: &#8222;Armenian&#8220;, &#8222;Persian&#8220;, &#8222;Avi&#8217;s Tune&#8220;<br \/>\nChristina Courtin: &#8222;I&#8217;ll Fly Away&#8220; (American)<\/em><\/p>\n<p>24.02. \u2013 Spiegelsaal in Cl\u00e4rchens Ballhaus, Berlin \u2013 <em>Sonntagskonzerte<\/em>:<br \/>\n<a href=\"http:\/\/www.antje-roesseler.de\">Antje R\u00f6\u00dfeler<\/a> (p), Adrian Christensen (b), Leon Griese (dr)<br \/>\n(Songs: <em>Das Geheime, Ilma, M\u00e5neform\u00f8rkelse, Kinderst\u00fcck (f\u00fcr Jojo), Drehseufzer-Aufrichten, En dans,<br \/>\nSending a Phoenix, Takaisin taas, Der Liebe Dunkelheiten, Helsingin hiljaisuus, Questions, Nightmaretravel<\/em>,<br \/>\nplus one unnamed encore) <em>[afterwards<\/em> G\u00e4ng Phed Neuah <em>at <a href=\"http:\/\/www.kamala-thaifood.de\">Kamala<\/a>, Oranienburger Str.]<\/em><\/p>\n<p>08.03. \u2013 Pierre-Boulez-Saal, Berlin \u2013 <em><a href=\"https:\/\/boulezsaal.de\/event\/david-krakauer-kathleen-tagg\/2019_03_08_1930\">Breath &#038; Hammer II<\/a>: An Immersive Fusion of Sounds and Images<\/em>:<br \/>\nDavid Krakauer (cl) &#038; Kathleen Tagg (p, electr) &#038; Jesse Gilbert (visuals) <em>[mit Saba]<\/em><\/p>\n<p>10.03. \u2013 Staatsoper unter den Linden \/ Bode-Museum, Berlin \u2013 <em>Museumskonzert VII: Die verr\u00fcckte Virtuosen des Barock<\/em>:<br \/>\nIl Concertino Virtuoso (Fabian Sch\u00e4fer (ob), Andreas Jentzsch (v), Laura Perez Soria (v), Ulrike Bassenge (v), Charlotte Chahuneau (v), Holger Espig (va), Stanislava Stoykova (va), Johanna Helm (vc), Alf Moser (db), G\u00fcnther Albers (cembalo))<br \/>\n<em>Unico Wilhelm von Wassenaer: Concerto armonico Nr. 3 in A-Dur<br \/>\nAntonio Vivaldi: Oboe Concerto in A minor, RV 461<br \/>\nGeorg Philipp Telemann: Concerto \u00e0 4 violini No. 4, TWV 40:204<br \/>\nPietro Antonio Locatelli: Violin Concerto in D major (Il laberinto armonico), Op. 3\/12<br \/>\nAntonio Vivaldi: Concerto for 4 violins in B minor, RV 580<br \/>\nJohann Sebastian Bach: Concerto for Violin and Oboe in C minor, BWV 1060<\/em><\/p>\n<p>17.03. \u2013 <a href=\"https:\/\/www.berns.se\/stora-salongen.html\">Berns<\/a>, Stockholm:<br \/>\nMadrugada (Sivert H\u00f8yem (voc, tam\u00adbou\u00adrine), Cato Salsa Thomassen (g), Frode Jacobsen (b), Christer Knutsen (g, keyb), Jon Lauvland Pettersen (dr)) <em>[<a href=\"https:\/\/www.setlist.fm\/setlist\/madrugada\/2019\/berns-stockholm-sweden-2b9264ca.html\">Setlist<\/a>] [mit Maxi]<\/em><\/p>\n<p>26.03. \u2013 Auster Club in den Kellergew\u00f6lben des Weltrestaurants Markthalle, Berlin:<br \/>\nSeed Holden \/ Adia Victoria &#038; band<\/p>\n<p>19.05. \u2013 Kehila Kedosha Janina, 280 Broome St, NYC \u2013 <em>Fifth Annual <a href=\"https:\/\/www.kkjfestival.com\">Greek Jewish Festival<\/a><\/em>:<br \/>\nNoga Group feat. Avram Pengas \/ Hillary Coniglio Lit \/ Scott Wilson &#038; Efendi<\/p>\n<p>25.05. \u2013 Joe\u2019s Pub at The Public Theater, NYC:<br \/>\nDaniel Kahn &#038; The Painted Bird<\/p>\n<p>26.05. \u2013 Carnegie Hall, NYC \u2013 <em><a href=\"https:\/\/www.dciny.org\/concerts\/immortal-invisible-the-music-of-pepper-choplin-and-mary-mcdonald\/\">Immortal Invisible<\/a>: The Music of Pepper Choplin &#038; Mary McDonald<\/em>:<br \/>\nDmitry Ishkhanov (p) \/ Miran Vaupoti\u0107 (cond): Ludwig van Beethoven: Piano Concerto No. 2 in B-flat major, Op. 19<br \/>\nMary McDonald (comp \/ p) \/ Jonathan Griffith (cond): Sing Forth His Glorious Name \/ Immortal, Invisible God! \/ God of Our Fathers \/ My Country, &#8218;tis of Thee \/ America \/ This Is the Dream (World Premiere) \/ Let There Be Peace on Earth<br \/>\nPepper Choplin (comp \/ cond): The Coming of the Lord \/ We Are Not Alone \/ Let Our Kingdom Come \/ Those Who Sow Peace \/ If God Is for Us \/ Sweet Are the Prayers of a Friend \/ This Is My Word \/ Well Done, My Faithful Servant \/ Let All the People Say &#8222;Amen&#8220;<br \/>\nDistinguished Concerts Orchestra \/ Distinguished Concerts Singers International \/ Corinne Rhodes, Lorna K. Jones, Gail Beckman, Melissa Owens, Sara Clarkson, Vanessa Crixell, Bruce Ewing (all soloist voc)<\/p>\n<p>27.05. \u2013 Cathedral of Saint John the Divine, NYC \u2013 <em>Annual Free Memorial Day Concert<\/em>:<br \/>\nJaap van Zweden (cond) \/ New York Philharmonic \/ Anton Bruckner: 8. Sinfonie in c Moll (WAB 108) (rehearsal by chance)<\/p>\n<p>29.05. \u2013 National Sawdust, Brooklyn, NYC \u2013 <em>John Zorn Presents: The Stone Commissioning Series<\/em>:<br \/>\nIngrid Laubrock (tenor sax, soprano sax), Marc Hannaford (p), Josh Modney (v), Sam Pluta (electr)<\/p>\n<p>30.05. \u2013 Russ &#038; Daughters\u2019 Cafe, NYC \u2013 <em>The Stone Series of Music Nights Curated by John Zorn<\/em>:<br \/>\nErik Friedlander (vc) &#038; Mark Helias (b)<\/p>\n<p>05.06. \u2013 Apollo Theater, Harlem, NYC \u2013 <em><a href=\"https:\/\/www.apollotheater.org\/amateur-night\/the-crew\/\">Amateur Night<\/a> at the Apollo<\/em>:<br \/>\nComedian Capone (Derrick \u2018Capone\u2019 Lee, host) \/ Joe Gray, the \u201cSet it Off Man&#8220;, <a href=\"https:\/\/twitter.com\/jess4music\">DJ Jess<\/a>, C.P. Lacey, the Executioner \/ Amateur Night Live band \/ NN (six contestants)<\/p>\n<p>07.06. \u2013 Philadelphia Museum of Art \u2013 <em>Friday Nights: Live music, open late<\/em>:<br \/>\n<a href=\"http:\/\/www.twistedpineband.com\/bio\">Twisted Pine<\/a><\/p>\n<p>08.06. \u2013 <a href=\"https:\/\/www.timerestaurant.net\/music-events\">Time Bar<\/a>, Philadelphia:<br \/>\nAaron &#038; the Good(e) Fellas (<a href=\"https:\/\/twitter.com\/goodyjazzkat\">Aaron Goode<\/a> (tr), Jon Smith (b), et al.)<\/p>\n<p>12.06. \u2013 Brooklyn Bridge Park, Pier 1, Brooklyn, NYC \u2013 <em>The Met&#8217;s 2019 <a href=\"https:\/\/www.metopera.org\/season\/summer-2019\/recitals\/\">Summer Recital Series<\/em><\/a>:<br \/>\nMary Jo Heath (dir) \/ Dan Saunders (p) \/ Ying Fang (soprano), Aaron Blake (tenor), Nathan Gunn (baritone)<br \/>\n<em>Mozart: Der Vogelf\u00e4nger bin ich ja \/ Dies Bildnis ist bezaubernd sch\u00f6n \/ Bei M\u00e4nnern (ex: &#8222;Die Zauberfl\u00f6te&#8220;)<br \/>\nMassenet: En fermant les yeux (ex: &#8222;Manon&#8220;)<br \/>\nMozart: S&#8217;altro che lagrime (ex: &#8222;La clemenza di Tito&#8220;)<br \/>\nTschaikowsky: Kuda, kuda, kuda vy udalilis (Lenski&#8217;s Aria) (ex: &#8222;Eugene Onegin&#8220;)<br \/>\nMozart: L\u00e0 ci darem la mano \/ Dalla su pace (ex: &#8222;Don Giovanni&#8220;)<br \/>\nPuccini: O mio babbino caro (ex: &#8222;Gianni Schicchi&#8220;)<br \/>\nBizet: Au fond du temple saint (ex: &#8222;Les p\u00eacheurs de perles&#8220;)<br \/>\nRossini: Largo al factotum della citt\u00e0 (ex: &#8222;Il barbiere de Siviglia&#8220;)<br \/>\nH\u00e4ndel: Tornami a vagheggiar (ex: &#8222;Alcina&#8220;)<br \/>\nKorngold: Mein Sehnen, mein W\u00e4hnen (ex: &#8222;Die tote Stadt&#8220;)<br \/>\nDonizetti: Caro Elisir! Sei mio! &#8230; Esulti pur la barbara (ex: &#8222;L&#8217;elisir d&#8217;amore&#8220;)<br \/>\nRodgers: Soliloquy (ex: &#8222;Carousel&#8220;)<br \/>\nArlen: Over the Rainbow (ex: &#8222;The Wizard of Oz&#8220;)<br \/>\nBernstein: Maria \/ Something&#8217;s Coming \/ Balcony Scene (&#8222;Tonight&#8220;) (ex: &#8222;West Side Story&#8220;)<br \/>\nDi Capua: &#8218;O sole mio (encore)<\/em><\/p>\n<p>13.06. \u2013 Golden Theatre, NYC:<br \/>\nLucas Hnath (script), Joe Mantello (dir) \/ Laurie Metcalf, John Lithgow, Zak Orth, Peter Francis James: &#8222;Hillary and Clinton&#8220;<\/p>\n<p>14.06. \u2013 Soldiers&#8216; and Sailors&#8216; Monument, Riverside Park, W 89th St, NYC \u2013 <em><a href=\"https:\/\/www.nytimes.com\/2019\/06\/12\/nyregion\/theater-performances-park.html\">Summer Stage<\/a><\/em>:<br \/>\nHudson Warehouse Theater Company, George K. Wells (dir) \/ William Shakespeare: &#8222;Antony and Cleopatra&#8220;<\/p>\n<p>15.06. \u2013 14th St Block Party, Park Slope, Brooklyn, NYC:<br \/>\nConey Island Yacht Club Jazz Band <em>[<a href=\"https:\/\/www.facebook.com\/ciycjb\/\">Link<\/a>]<\/em><\/p>\n<p>19.06. \u2013 The \u201cNew\u201d Stone NYC (at The New School Glass Box Theater):<br \/>\nAnthony Coleman (p) &#038; Brian Chase (dr)<\/p>\n<p>22.06. \u2013 Prospect Park Bandshell, Brooklyn, NYC \u2013 <em>BRIC Celebrate Brooklyn! Festival 2019<\/em>:<br \/>\nEmily Wells with the <a href=\"https:\/\/metropolisensemble.org\/all-events\/emily-wells\">Metropolis Ensemble<\/a> \/ Tortoise: TNT<\/p>\n<p>06.07. \u2013 Casa Botines &#8211; Museo Gaud\u00ed \/ Plaza San Marcelo, Le\u00f3n \u2013 <em><a href=\"https:\/\/www.santamarialareal.org\/noticias\/el-ciclo-musical-las-piedras-cantan-recalara-en-la-casa-botines-de-leon-con-la-voz-de-sheila-blanco\">Fundaci\u00f3n Santa Mar\u00eda la Real: Las Piedras Cantan<\/a><\/em>:<br \/>\nGuillermo Hern\u00e1ndez Berrocal \/ Sheila Blanco<\/p>\n<p>21.07. \u2013 J\u00fcdisches Museum Berlin \u2013 <em><a href=\"https:\/\/www.jmberlin.de\/liste-kultursommer-2019\">Kultursommer 2019<\/a><\/em>:<br \/>\nGuy Mintus Trio (Guy Mintus (p, voc), Omri Hadani (b), Yonatan Rosen (dr))<\/p>\n<p>29.07. \u2013 Urban Spree, Berlin:<br \/>\nSundays &#038; Cybele \/ Imarhan<\/p>\n<p>31.07. \u2013 Musikbrauerei (Schneider-Brauerei), Berlin \u2013 <em>Kiezsalon<\/em>:<br \/>\nYosi Horikawa \/ Haiku Salut <em>[\/ missed: Leafcutter John]<\/em><\/p>\n<p>25.08. \u2013 Klunkerkranich, Berlin:<br \/>\nRomea DJs <em>[<a href=\"https:\/\/www.youtube.com\/channel\/UC9dzcki41r67HErf6i3mUDg\/featured\">Youtube<\/a>] [<a href=\"https:\/\/klunkerkranich.org\/events\/2019-08-25-konzert-romea-djs-markus-tone-tba\/\">Ank\u00fcndigung<\/a>]<\/em><\/p>\n<p>28.09. \u2013 Pierre-Boulez-Saal, Berlin \u2013 <em>Arabic Music Days: Umm Kulthum&#8217;s Heiresses<\/em>:<br \/>\nFarida &#038; the Iraqi Maqam Ensemble <em>[<a href=\"https:\/\/boulezsaal.de\/event\/farida-the-iraqi-maqam-ensemble\/2019_09_28_1900\">Ank\u00fcndigung<\/a>]<\/em><\/p>\n<p>29.09. \u2013 Kulturraum der Zwingli-Kirche, Berlin-Friedrichshain \u2013 <em>5 Seconds \u2013 Musik f\u00fcr Hall &#038; Raum<\/em>:<br \/>\nCharlemagne Palestine (solo organ)<\/p>\n<p>19.10. \u2013 ZDF-Hauptstadtstudio, Berlin \u2013 <em>Festival of Lights \/ Nacht des offenen Studios<\/em>:<br \/>\n<a href=\"https:\/\/soundcloud.com\/heynband\">Heyn<\/a><\/p>\n<p>31.10. \u2013 Russ &#038; Daughters\u2019 Cafe, NYC \u2013 <em>The Stone Series of Music Nights Curated by John Zorn<\/em>:<br \/>\nLaurie Anderson (v, electr, voc), Rubin Kodheli (vc)<\/p>\n<p>02.11. \u2013 Village Vanguard, NYC:<br \/>\nNew Masada Quartet (John Zorn (sax, dir), Jorge Roeder (b), Kenny Wollesen (dr), <a href=\"http:\/\/www.julianlage.com\">Julian Lage<\/a> (g))<\/p>\n<p>08.11. \u2013 Metropolitan Opera (The Met), NYC \u2013 <em>Philip Glass: <a href=\"https:\/\/www.metopera.org\/season\/2019-20-season\/akhnaten\/\">Akhnaten<\/a> (Premi\u00e8re)<\/em>:<br \/>\nKaren Kamensek \/ Phelim McDermott \/ Sean Gandini \/ Anthony Roth Costanzo, J\u2019Nai Bridges, Zachary James, D\u00edsella L\u00e1rusd\u00f3ttir, et al.<\/p>\n<p>13.11. \u2013 Dixon Place, NYC \u2013 <em>No Holds Barred<\/em>:<br \/>\nCody Schreger, Ayla Weisz, Douglas Maher (hosts) \/ Kaitlyn Bausch &#038; Tom Maxwell (singer-songwriter duo) \/ Nicki Miller &#038; Benjamin E. Oyzon (masked aerialists) \/ AJ Silver (lasso &#038; whips) \/ Liz Glazer (comedian, law prof) \/ Mark Harding (aerialist to music: Paul: Saturn) \/ et al.<\/p>\n<p>17.11. \u2013 Roulette, NYC \u2013 <em>Coin Coin Chapter IV: Memphis<\/em>:<br \/>\nMatana Roberts (sax, dir, voc), Hannah Marcus (g, v, acc), Kyp Malone (g), Stuart Bogie (cl, harmonica), Ryan Sawyer (dr, harmonica), Matt Lavelle (cl, tr), Meshell Ndegeocello (b)<\/p>\n<p>29.11. \u2013 SO36, Berlin:<br \/>\nHelen Money \/ Earth <em>[<a href=\"https:\/\/www.instagram.com\/insta_bdnyc\/\">Pics \/ Videos<\/a>]<\/em><\/p>\n<p>15.12. \u2013 Mater Dolorosa-Kirche im Katharinenstift (<a href=\"https:\/\/www.scj.de\/unsere-haeuser\/herz-jesu-priester-berlin\">Herz-Jesu-Kloster<\/a>), Berlin \u2013 <em>Jazz before Christmas<\/em>:<br \/>\nSpiritual Standards (Markus Burger (keys) &#038; Jan von Klewitz (sax))<\/p>\n<p><em>>>> <a href=\"http:\/\/www.quisquilia.net\/nova_blog\/wordpress\/concerti-divertimenti\">Zur\u00fcck<\/a><\/em><\/p>\n","protected":false},"excerpt":{"rendered":"<p>Konzerte, die ich anno Domini 2019 besuchte: 27.01. \u2013 Neuer Berliner Kunstverein (n.b.k.), Berlin \u2013 A 37 90 89 \u2013 Die Erfindung der Neo-Avantgarde: Peter Br\u00f6tzmann 10.02. \u2013 Konzerthaus Berlin am Gendarmenmarkt: The Knights, Eric Jacobsen (dir) &#038; Avi Avital (mandolin) Jean-F\u00e9ry Rebel: &#8222;Le cahos&#8220; ex &#8222;Les \u00e9l\u00e9ments&#8220; Thomas Ad\u00e8s: Three Studies from Couperin (&#8222;Les [&hellip;]<\/p>\n","protected":false},"author":1,"featured_media":0,"parent":0,"menu_order":0,"comment_status":"open","ping_status":"open","template":"","meta":[],"_links":{"self":[{"href":"https:\/\/www.quisquilia.net\/nova_blog\/wordpress\/wp-json\/wp\/v2\/pages\/3676"}],"collection":[{"href":"https:\/\/www.quisquilia.net\/nova_blog\/wordpress\/wp-json\/wp\/v2\/pages"}],"about":[{"href":"https:\/\/www.quisquilia.net\/nova_blog\/wordpress\/wp-json\/wp\/v2\/types\/page"}],"author":[{"embeddable":true,"href":"https:\/\/www.quisquilia.net\/nova_blog\/wordpress\/wp-json\/wp\/v2\/users\/1"}],"replies":[{"embeddable":true,"href":"https:\/\/www.quisquilia.net\/nova_blog\/wordpress\/wp-json\/wp\/v2\/comments?post=3676"}],"version-history":[{"count":44,"href":"https:\/\/www.quisquilia.net\/nova_blog\/wordpress\/wp-json\/wp\/v2\/pages\/3676\/revisions"}],"predecessor-version":[{"id":3679,"href":"https:\/\/www.quisquilia.net\/nova_blog\/wordpress\/wp-json\/wp\/v2\/pages\/3676\/revisions\/3679"}],"wp:attachment":[{"href":"https:\/\/www.quisquilia.net\/nova_blog\/wordpress\/wp-json\/wp\/v2\/media?parent=3676"}],"curies":[{"name":"wp","href":"https:\/\/api.w.org\/{rel}","templated":true}]}}